{"id":59,"date":"2019-01-29T23:45:14","date_gmt":"2019-01-29T20:45:14","guid":{"rendered":"http:\/\/hotel-aleksander.loc\/?page_id=59\/"},"modified":"2026-01-05T12:35:43","modified_gmt":"2026-01-05T09:35:43","slug":"domov","status":"publish","type":"page","link":"https:\/\/www.hotel-aleksander.eu\/sl\/","title":{"rendered":"Hotel Aleksander Medical &#038; SPA"},"content":{"rendered":"<div class=\"headerBannerGrid\">\r\n  <div class=\"headerBannerGridLeft\">\r\n    <div class=\"headerBannerGridMainItem\" style=\"background-image:url('\/imagelib\/full\/default\/hotel-aleksander\/reception-hall\/hotel-aleksander-reception-5.jpg')\">\r\n      <div class=\"headerBannerGridTextWrapper\">\r\n        <div class=\"headerBannerGridMainTitle\">Tradicija kraljevega hotela \u017ee od 1905<\/div>\r\n        <div class=\"headerBannerGridMainHeading\">Hotel Aleksander Medical & Spa<\/div>\r\n        <div class=\"headerBannerGridMainLink\">\r\n          <a href=\"https:\/\/www.secure-hotel-booking.com\/smart\/Hotel-Aleksander\/2C5K\/ru\/\" class=\"button-banner\">Rezerviraj<\/a>\r\n        <\/div>\r\n      <\/div>\r\n      <div class=\"headerBannerGridOverlay\">\r\n          <div class=\"headerBannerGridOverlay_wrap-img\">\r\n              <a href=\"https:\/\/www.hotel-aleksander.eu\/sl\/ecolabel\/\"><img decoding=\"async\" class=\"ecoline-label\" src=\"\/images\/ecolabel.png\" alt=\"ecolabel\" \/><\/a>\r\n          <\/div>\r\n      <\/div>\r\n    <\/div>\r\n    <div class=\"logoContainer\">\r\n      <div class=\"logo\">\r\n        <a href=\"\/sl\/\">\r\n          <img decoding=\"async\" class=\"logo-img\" src=\"\/images\/logo.png\" alt=\"Slovenian\" \/>\r\n          <img decoding=\"async\" class=\"logo-imgMedium\" style=\"display:none;\" src=\"\/images\/logoSmall.png\" alt=\"Hotel Aleksander\" \/>\r\n          <img decoding=\"async\" class=\"logo-imgMobile\" style=\"display:none;\" src=\"\/images\/logo_ha.png\" alt=\"Hotel Aleksander\" \/>\r\n        <\/a>\r\n      <\/div>\r\n    <\/div>\r\n  <\/div>\r\n  <div class=\"headerBannerGridRight\">\r\n    <div class=\"headerBannerGridItems\">\r\n      <div class=\"headerBannerGridItem\" style=\"background-image:url('\/imagelib\/full\/default\/hotel-aleksander\/restaurant\/lobby-bar-1-cut.jpg')\">\r\n        <div class=\"headerBannerGridItemTitle\">\r\n          <a href=\"https:\/\/www.hotel-aleksander.eu\/sl\/kulinarika\/\" target=\"_self\" rel=\"noopener\">Restavracija Donatela<\/a>\r\n        <\/div>\r\n        <a class=\"headerBannerGridOverlay\" href=\"https:\/\/www.hotel-aleksander.eu\/sl\/kulinarika\/\" target=\"_self\" rel=\"noopener\"><\/a>\r\n      <\/div>\r\n      <div class=\"headerBannerGridItem\" style=\"background-image:url('\/imagelib\/full\/default\/hotel-aleksander\/rooms\/hotel-aleksander-room-cut.jpg')\">\r\n        <div class=\"headerBannerGridItemTitle\">\r\n          <a href=\"https:\/\/www.hotel-aleksander.eu\/sl\/sobe\/\" target=\"_self\" rel=\"noopener\">Kraljevi spanec<\/a>\r\n        <\/div>\r\n        <a class=\"headerBannerGridOverlay\" href=\"https:\/\/www.hotel-aleksander.eu\/sl\/sobe\/\" target=\"_self\" rel=\"noopener\"><\/a>\r\n      <\/div>\r\n      <div class=\"headerBannerGridItem\" style=\"background-image:url('\/imagelib\/full\/default\/hotel-aleksander\/swimming-pool\/IMG_8323-cut2.jpg')\">\r\n        <div class=\"headerBannerGridItemTitle\">\r\n          <a href=\"https:\/\/www.hotel-aleksander.eu\/sl\/winter-retreat\/\" target=\"_blank\" rel=\"noopener\">Medical-Wellness oddih<\/a>\r\n        <\/div>\r\n        <a class=\"headerBannerGridOverlay\" href=\"https:\/\/www.hotel-aleksander.eu\/sl\/winter-retreat\/\" target=\"_blank\" rel=\"noopener\"><\/a>\r\n      <\/div>\r\n    <\/div>\r\n  <\/div>\r\n<\/div>\r\n\r\n<main>\r\n  <div id=\"ctl00_LayoutType\" class=\"layout1\">\r\n    <div id=\"ctl00_CenterColumn\" class=\"column-center\">\r\n      <div class=\"container-fluid cont-fluid\">\r\n\r\n       \r\n        <div id=\"ctl00_MainContent_divInquiry\" class=\"inquiry\">\r\n          <input type=\"text\" id=\"datepicker1\">\r\n          <input type=\"text\" id=\"datepicker2\">\r\n          <div class=\"inquiry-dates\">\r\n            <a href=\"https:\/\/www.secure-hotel-booking.com\/smart\/Hotel-Aleksander\/2C5K\/sl\/\" target=\"_blank\" class=\"inquiry-section\" id=\"inquiry-button\" rel=\"noopener\"> \r\n                <i class=\"fa fa-calendar book-button-main\" aria-hidden=\"true\"><\/i>izberite datume in rezervirajte\r\n            <\/a>\r\n          <\/div>\r\n        <\/div>\r\n      <\/div>\r\n    <\/div>\r\n    <div class=\"blockBg\">\r\n      <div class=\"blockBg-container\">\r\n<div class=\"firstPage-teaser\" style=\"margin-bottom: 2.5rem;\"><a href=\"https:\/\/revita-clinic.eu\/sl\/\"><img decoding=\"async\" src=\"https:\/\/www.hotel-aleksander.eu\/wp-content\/uploads\/rc_s.jpg\" \/><\/a><\/div>\r\n        <div class=\"row-fluid contentGrid\">\r\n          <div class=\"span6 index1 centered\">\r\n            <div class=\"imageBox imagefull animate\" animation-type=\"fadeInLeft\"><div class=\"imageBox-image\"><img decoding=\"async\" src=\"\/imagelib\/full\/default\/_demo\/20100115-PS9_7029%20copy%20(6).jpg\" alt=\"\" title=\"\" \/><\/div><\/div>\r\n          <\/div>\r\n          <div class=\"span6 index2 centered\">\r\n            <div class=\"contentTitle\">\r\n              <h2>Do\u017eivite tradicijo kraljevega hotela<\/h2>\r\n            <\/div><div class=\"paragraph paragraph-normal\"><p>Dobrodo\u0161li v petzvezdi\u010dnem Boutique Hotelu Aleksander, ki vas pri\u010dakuje v idili\u010dni okolici Roga\u0161ke Slatine, svetovno znanega Evropskega zdravstvenega resorta. &nbsp;Hotel vklju\u010duje 21 luksuznih suit in sob, fitnes center, sodoben spa center in vrhunsko restavracijo Donatela. Odlo\u010dite se lahko tudi za zasebno luksuzno suito na strehi hotela. Hotel Aleksander je popolna odlo\u010ditev za luksuzne brezskrbne po\u010ditnice ali medical-wellness oddih.<\/p><\/div>\r\n            <a href=\"https:\/\/www.hotel-aleksander.eu\/sl\/sobe\/\" class=\"linkButton linkButton-normal\">VE\u010c<\/a> <\/div>\r\n          <\/div>\r\n        <\/div>\r\n      <\/div>\r\n      <div class=\"blockBg \">\r\n        <div class=\"blockBg-container \" >\r\n          <div class=\"menuGrid menuGrid-columns-4\">\r\n            <div class=\"menuGrid-item index1 firstInLine\">\r\n              <div class=\"pageSummary  animate showHideText\" animation-type=\"showHideText\" animation-delay=\"200\"   >\r\n                <div class=\"pageSummary-image\">\r\n                  <a href=\"https:\/\/www.hotel-aleksander.eu\/sl\/sobe\/\">\r\n                    <img decoding=\"async\" src=\"\/imagelib\/pageSummary\/default\/hotel-aleksander\/rooms\/Room.jpg\" alt=\"Sobe\" \/>\r\n                  <\/a>\r\n                <\/div>\r\n                <a href=\"https:\/\/www.hotel-aleksander.eu\/sl\/sobe\/\" class=\"pageSummary-texts\">\r\n                  <div class=\"pageSummary-title\"><h3>Sobe<\/h3><\/div>\r\n                  <div class=\"pageSummary-textHolder\">\r\n                    <div class=\"pageSummary-icon\" >\r\n                      <img decoding=\"async\" src=\"\/imagelib\/pageSummary-icon\/default\/hotel-aleksander\/icons\/sleep-2.png\" alt=\"Sobe\" \/>\r\n                    <\/div>\r\n                  <\/div>\r\n                <\/a>\r\n              <\/div>\r\n            <\/div>\r\n            <div class=\"menuGrid-item index2 \">\r\n              <div class=\"pageSummary  animate showHideText\" animation-type=\"showHideText\" animation-delay=\"200\"   >   \r\n                <div class=\"pageSummary-image\">\r\n                  <a href=\"https:\/\/www.hotel-aleksander.eu\/sl\/medical-wellness\/\"><img decoding=\"async\" src=\"\/imagelib\/pageSummary\/default\/hotel-aleksander\/wellness\/hotel-aleksander-wellness-towels-2.jpg\" alt=\"Medical-Wellness\" \/><\/a>\r\n                <\/div>\r\n\r\n                <a href=\"https:\/\/www.hotel-aleksander.eu\/sl\/medical-wellness\/\" class=\"pageSummary-texts\">\r\n                  <div class=\"pageSummary-title\"><h3>Medical-Wellness<\/h3><\/div>\r\n                  <div class=\"pageSummary-textHolder\">\r\n\r\n                    <div class=\"pageSummary-icon\" >\r\n                      <img decoding=\"async\" src=\"\/imagelib\/pageSummary-icon\/default\/hotel-aleksander\/icons\/health.png\" alt=\"Medical-Wellness\" \/>\r\n                    <\/div>\r\n                  <\/div>\r\n                <\/a>\r\n              <\/div>\r\n            <\/div>\r\n            <div class=\"menuGrid-item index3 \">\r\n              <div class=\"pageSummary  animate showHideText\" animation-type=\"showHideText\" animation-delay=\"200\"   >   \r\n                <div class=\"pageSummary-image\"><a href=\"https:\/\/www.hotel-aleksander.eu\/sl\/kulinarika\/\"><img decoding=\"async\" src=\"\/imagelib\/pageSummary\/default\/hotel-aleksander\/restaurant\/lobby-bar-5.jpg\" alt=\"Kulinarika\" \/><\/a><\/div>\r\n                <a href=\"https:\/\/www.hotel-aleksander.eu\/sl\/kulinarika\/\" class=\"pageSummary-texts\">\r\n                  <div class=\"pageSummary-title\"><h3>Kulinarika<\/h3><\/div>\r\n                  <div class=\"pageSummary-textHolder\">\r\n                    <div class=\"pageSummary-icon\" >\r\n                      <img decoding=\"async\" src=\"\/imagelib\/pageSummary-icon\/default\/hotel-aleksander\/icons\/dish.png\" alt=\"Kulinarika\" \/>\r\n                    <\/div>\r\n                  <\/div>\r\n                <\/a>\r\n              <\/div>\r\n            <\/div>\r\n            <div class=\"menuGrid-item index4 \">\r\n              <div class=\"pageSummary  animate showHideText\" animation-type=\"showHideText\" animation-delay=\"200\"   >   \r\n                <div class=\"pageSummary-image\">\r\n                  <a href=\"https:\/\/www.hotel-aleksander.eu\/sl\/aktivnosti\/\"><img decoding=\"async\" src=\"\/imagelib\/pageSummary\/default\/hotel-aleksander\/other\/stajerska.jpg\" alt=\"Aktivnosti\" \/><\/a>\r\n                <\/div>\r\n                <a href=\"https:\/\/www.hotel-aleksander.eu\/sl\/aktivnosti\/\" class=\"pageSummary-texts\">\r\n                  <div class=\"pageSummary-title\"><h3>Aktivnosti<\/h3><\/div>\r\n                  <div class=\"pageSummary-textHolder\">\r\n                    <div class=\"pageSummary-icon\" >\r\n                      <img decoding=\"async\" src=\"\/imagelib\/pageSummary-icon\/default\/hotel-aleksander\/icons\/discover-2.png\" alt=\"Aktivnosti\" \/>\r\n                    <\/div>\r\n                  <\/div>\r\n                <\/a>\r\n              <\/div>\r\n            <\/div>\r\n          <\/div>\r\n        <\/div>\r\n      <\/div>\r\n      <div class=\"blockBg blockBg_color-black pullUp\"  >\r\n        <div class=\"blockBg-container \" >\r\n          <div class=\"rooms\">\r\n            <h2>Top rooms<\/h2>\r\n            <div class=\"row-fluid\" >\r\n              <div class=\"span4\" >\r\n                <a href=\"\/sl\/dvoposteljna-soba-s-pogledom-na-gozd\" >\r\n                  <div class=\"room\" >\r\n                    <div class=\"room-image\" >\r\n                      <img decoding=\"async\" src=\"\/imagelib\/blockImageMain\/default\/hotel-aleksander\/rooms\/room_standard (3)-min.jpg\" alt=\"\" \/>\r\n\r\n                      <div class=\"room-title\" >\r\n                        <h3>Dvoposteljna sob s pogledom na gozd<\/h3>\r\n                      <\/div>\r\n                      <div class=\"room-overlay\" ><\/div>\r\n                    <\/div>\r\n                    <div class=\"room-desc\" >\r\n                      <div class=\"room-desc-line1\" >\r\n                        <div class=\"room-score\" >9.6<\/div>\r\n                        <div class=\"room-icons\" >\r\n                          <img decoding=\"async\" src=\"\/imagelib\/source\/default\/hotel-aleksander\/icons\/2-persons.png\" alt=\"\" \/>\r\n                          <img decoding=\"async\" src=\"\/imagelib\/source\/default\/hotel-aleksander\/icons\/bath-2.png\" alt=\"\" \/>\r\n                        <\/div>\r\n                      <\/div>\r\n                      <div class=\"room-desc-line2\" >\r\n                        <div class=\"room-summary\" >\r\n                        Sprotstite se v sodobni in prostorni sobi za dva. Kraljeva postelja vas bo ponesla v popoln spanec med zelenimi hribi Roga\u0161ke Slatine.<\/div>\r\n                      <\/div>\r\n                      <div class=\"room-desc-line3\" >\r\n                        <div class=\"room-price\">\r\n                            <i class=\"fa fa-user\"><\/i> \u017ee od <b>235<\/b> \u20ac <br>\r\n                            <i class=\"fa fa-user\"><\/i> <i class=\"fa fa-user\"><\/i> \u017ee od <b>285<\/b> \u20ac\r\n                        <\/div>\r\n                        <div class=\"room-link\" >\r\n                          <a class=\"button-rooms\" href=\"\/sl\/dvoposteljna-soba-s-pogledom-na-gozd\" >Ve\u010d<\/a>\r\n                        <\/div>\r\n                      <\/div>\r\n                    <\/div>\r\n                  <\/div>\r\n                <\/a>\r\n              <\/div>\r\n              <div class=\"span4\" >\r\n                <a href=\"https:\/\/www.hotel-aleksander.eu\/sl\/sobe\/family-suite-with-park-view\/\" >\r\n                  <div class=\"room\" >\r\n                    <div class=\"room-image\" >\r\n                      <img decoding=\"async\" src=\"\/imagelib\/rooms\/family\/family_1_min.jpg\" alt=\"\">\r\n                      <div class=\"room-title\"><h3>Family Suita<\/h3><\/div>\r\n                      <div class=\"room-overlay\" ><\/div>\r\n                    <\/div>\r\n                    <div class=\"room-desc\" >\r\n                      <div class=\"room-desc-line1\" >\r\n                        <div class=\"room-score\" >9.6<\/div>\r\n                        <div class=\"room-icons\" >\r\n                          <img decoding=\"async\" src=\"\/imagelib\/source\/default\/hotel-aleksander\/icons\/3-persons.png\" alt=\"\" \/>\r\n                          <img decoding=\"async\" src=\"\/imagelib\/source\/default\/hotel-aleksander\/icons\/bath-2.png\" alt=\"\" \/>\r\n                        <\/div>\r\n                      <\/div>\r\n                      <div class=\"room-desc-line2\" >\r\n                        <div class=\"room-summary\" >\r\n                          Zbudite se v dih jemajo\u010di in stilsko dekorirani suiti z razgledom na zgodovinski park Roga\u0161ke Slatine.\r\n                        <\/div>\r\n                      <\/div>\r\n                      <div class=\"room-desc-line3\" >\r\n                        <div class=\"room-price\">\r\n                            <i class=\"fa fa-user\"><\/i> \u017ee od <b>576<\/b> \u20ac <br>\r\n                            <i class=\"fa fa-user\"><\/i> <i class=\"fa fa-user\"><\/i> \u017ee od <b>626<\/b> \u20ac\r\n                        <\/div>\r\n                        <div class=\"room-link\" >\r\n                          <a class=\"button-rooms\" href=\"https:\/\/www.hotel-aleksander.eu\/sl\/sobe\/family-suite-with-park-view\/\" >Ve\u010d<\/a>\r\n                        <\/div>\r\n                      <\/div>\r\n                    <\/div>\r\n                  <\/div>\r\n                <\/a>\r\n              <\/div>\r\n              <div class=\"span4\" >\r\n                <a href=\"https:\/\/www.hotel-aleksander.eu\/sl\/sobe\/presidential-suite-with-park-view\/\" >\r\n                  <div class=\"room\" >\r\n                    <div class=\"room-image\" >\r\n                      <img decoding=\"async\" src=\"\/imagelib\/rooms\/presidental\/presidental_1_min.jpg\" alt=\"Predsedni\u0161ka Suita\">   \r\n                      <div class=\"room-title\" >\r\n                        <h3>Predsedni\u0161ka Suita<\/h3>\r\n                      <\/div>\r\n                      <div class=\"room-overlay\" ><\/div>\r\n                    <\/div>\r\n                    <div class=\"room-desc\" >\r\n                      <div class=\"room-desc-line1\" >\r\n                        <div class=\"room-score\" >9.6<\/div>\r\n                        <div class=\"room-icons\" >\r\n                          <img decoding=\"async\" src=\"\/imagelib\/source\/default\/hotel-aleksander\/icons\/6-persons.jpg\" alt=\"persons\" \/>\r\n                        <img decoding=\"async\" src=\"\/imagelib\/source\/default\/hotel-aleksander\/icons\/bath-2.png\" alt=\"bath\" \/>\r\n                        <\/div>\r\n                      <\/div>\r\n                      <div class=\"room-desc-line2\" >\r\n                        <div class=\"room-summary\" >\r\n                          Air-conditioned luxury and spacious suite featuring 3 bedrooms and 3 bathrooms. \r\n                        <\/div>\r\n                      <\/div>\r\n                      <div class=\"room-desc-line3\" >\r\n                        <div class=\"room-price\">\r\n                            <i class=\"fa fa-user\"><\/i> \u017ee od <b>850<\/b> \u20ac <br>\r\n                          <i class=\"fa fa-user\"><\/i> <i class=\"fa fa-user\"><\/i> \u017ee od <b>900<\/b> \u20ac\r\n                        <\/div>\r\n                        <div class=\"room-link\" >\r\n                          <a class=\"button-rooms\" href=\"https:\/\/www.hotel-aleksander.eu\/sl\/sobe\/presidential-suite-with-park-view\/\" >Ve\u010d<\/a>\r\n                        <\/div>\r\n                      <\/div>\r\n                    <\/div>\r\n                  <\/div>\r\n                <\/a>\r\n              <\/div>\r\n            <\/div>\r\n          <\/div>\r\n        <\/div>\r\n      <\/div>\r\n      <div class=\"blockBg\">\r\n        <div class=\"blockBg-container\" >\r\n        <div class=\"inPageVideo\" style=\"padding-bottom: 68%;\"><iframe loading=\"lazy\" width=\"1140\" height=\"635\" src=\"https:\/\/www.youtube.com\/embed\/m6uvHslbBUA\" frameborder=\"0\" allow=\"accelerometer; autoplay; encrypted-media; gyroscope; picture-in-picture\" allowfullscreen><\/iframe><\/div>\r\n          <!-- <div class=\"imageBox imagefull\" >\r\n            <div class=\"imageBox-image\">\r\n              <a href=\"https:\/\/www.youtube.com\/watch?v=8swASTd58W4&amp;feature=youtu.be\" target=\"popup-iframe\" rel=\"noopener\"><img decoding=\"async\" src=\"\/imagelib\/full\/default\/hotel-aleksander\/rooms\/living%20room%20suite_video.jpg\" alt=\"\" title=\"\" \/><\/a>\r\n          <\/div>\r\n        <\/div> -->\r\n        <div class=\"separator-spacer\"><\/div>\r\n        <div class=\"separator-spacer\"><\/div>\r\n        <div class=\"separator-spacer\"><\/div>\r\n      <\/div>\r\n    <\/div>\r\n    <div class=\"blockBg blockBg_color-gray\"  >\r\n      <div class=\"blockBg-container \" >\r\n        <div class=\"textWithImages textWithImages-bgWhite\">\r\n          <div class=\"textWithImages-column12 no_pad textWithImages-images-left\">\r\n            <div class=\"horizontalImages horizontalImages-columns1\">\r\n              <div class=\"horizontalImages-item index1 firstInLine\">\r\n                <div class=\"imageBox image12 animate\" animation-type=\"fadeInLeft\">\r\n                  <div class=\"imageBox-image\">\r\n                    <img decoding=\"async\" src=\"\/imagelib\/12\/default\/hotel-aleksander\/reception-hall\/hotel-aleksander-reception-6.jpg\" alt=\"\" title=\"\" \/>\r\n                  <\/div>\r\n                <\/div>\r\n              <\/div>\r\n            <\/div> \r\n          <\/div>\r\n          <div class=\"textWithImages-column12 centered textWithImages-text\">\r\n            <div class=\"contentTitle\">\r\n              <h2>Zdravje &amp; Detox<\/h2>\r\n            <\/div>\r\n            <div class=\"paragraph paragraph-normal\">\r\n              <p>Dobrodo\u0161li v rojstnem kraju svetovno znane zdravilne mineralne vode Donat Mg, popolne za va\u0161e zdravje in razstrupljanje. Priporo\u010damo: Donat pitno zdravnilno terpijo. Je klju\u010dnega pomena za odpravljanje zaprtosti, pove\u010dane telesane te\u017ee, \u017eelod\u010dne kisline in zgage.<\/p>\r\n            <\/div>\r\n            <a href=\"https:\/\/revita-clinic.eu\/sl\/\" target=\"_blank\" class=\"linkButton linkButton-normal\" rel=\"noopener\">VE\u010c<\/a>\r\n          <\/div>\r\n        <\/div>\r\n        <div class=\"textWithImages textWithImages-bgWhite\">\r\n          <div class=\"textWithImages-column12 centered\">\r\n            <div class=\"contentTitle\">\r\n              <h2>Bon App&#233;tit<\/h2>\r\n            <\/div>\r\n            <div class=\"paragraph paragraph-normal\">\r\n              <p>Hotel Aleksander vas ne bo o\u010daral le z edinstvenim dizajnom in arhitekturo, ampak tudi z nepozabno kulinri\u010dno izku\u0161njo. V restavraciji Donatela boste na\u0161li izklju\u010dno vrhunske slovenske izdelke, vina ter edinstven vodni menu. Vsi ti produkti so jagode Hotela Aleksander. In le tukaj lahko do\u017eivite pravi Jagodni izbor Slovenije.<\/p>\r\n            <\/div>\r\n            <a href=\"https:\/\/www.hotel-aleksander.eu\/sl\/kulinarika\/\" class=\"linkButton linkButton-normal\">VE\u010c<\/a>\r\n          <\/div>\r\n          <div class=\"textWithImages-column12 no_pad textWithImages-images-right\">\r\n            <div class=\"horizontalImages horizontalImages-columns1\">\r\n              <div class=\"horizontalImages-item index1 firstInLine\">\r\n                <div class=\"imageBox image12 animate\" animation-type=\"fadeInRight\">\r\n                  <div class=\"imageBox-image\">\r\n                    <img decoding=\"async\" src=\"\/imagelib\/12\/default\/hotel-aleksander\/restaurant\/hotel-aleksander-restaurant-terrace-6-4x3-cut.jpg\" alt=\"\" title=\"\" \/>\r\n                  <\/div>\r\n                <\/div>\r\n              <\/div>\r\n            <\/div> \r\n          <\/div>\r\n        <\/div>\r\n      <\/div>\r\n    <\/div>\r\n    <div class=\"blockBg\">\r\n      <div class=\"blockBg-container \" >\r\n        <div class=\"row-fluid contentGrid\">\r\n          <div class=\"span12 centered pb-3\">\r\n            <img decoding=\"async\" src=\"\/images\/brand-awards-2018-sl.jpg\" alt=\"\u041b\u0443\u0447\u0448\u0438\u0439 SPA-\u043e\u0442\u0435\u043b\u044c \u0432 \u0415\u0432\u0440\u043e\u043f\u0435\">\r\n          <\/div>\r\n          <hr>\r\n        <\/div>\r\n      <\/div>\r\n    <\/div>\r\n\r\n    <div class=\"blockBg \">\r\n      <div class=\"blockBg-container \" >\r\n        <div class=\"row-fluid contentGrid\">\r\n          <div class=\"span6 index1 centered\">\r\n            <div class=\"contentTitle\"><h2>Aleksander Club<\/h2><\/div>\r\n            <div class=\"contentTitle\"><h4>Program zvestobe<\/h4><\/div>\r\n            <div class=\"paragraph paragraph-normal\">Aleksander Club zdru\u017euje vse tiste, ki obo\u017eujejo luksuzne oddihe, Roga\u0161ko Slatino in cenijo jagodni izbor Slovenije. Aleksander Club vam ponuja vrsto ugodnosti in dodatnih do\u017eivetij. Kliknite spodaj in vnesite svoj elektronski naslov. Na\u0161e osebje vas bo kontaktiralo z vsemi nasveti, kako postati \u010dlan kluba in \u010dim bolje izkoristiti svoje \u010dlanstvo.\r\n            <\/div>\r\n            <div class=\"newsletterBox\">\r\n              <fieldset>\r\n                <div class=\"input-group\">\r\n                  <div class=\"input-combined appended\">\r\n                    <div id=\"ctl00_MainContent_ctl12_ctl03_UpdatePanel1\">\r\n                      <input name=\"ctl00$MainContent$ctl12$ctl03$Email\" type=\"text\" id=\"ctl00_MainContent_ctl12_ctl03_Email\" placeholder=\"Vpi\u0161ite va\u0161 email\" \/>\r\n                      <a id=\"ctl00_MainContent_ctl12_ctl03_Signup\" class=\"button button-1\" href=\"javascript:__doPostBack(&#39;ctl00$MainContent$ctl12$ctl03$Signup&#39;,&#39;&#39;)\">Prijavi<\/a>\r\n                    <\/div>\r\n                  <\/div>\r\n                <\/div>\r\n              <\/fieldset>\r\n            <\/div>\r\n          <\/div>\r\n          <div class=\"span6 index2 centered\">\r\n            <div id=\"bookingScore\"><div class=\"score\">9<\/div><\/div>\r\n            <div class=\"bookingVerified\"><img decoding=\"async\" src=\"\/images\/bookingVerified.png\" \/><\/div>\r\n          <\/div>\r\n        <\/div>\r\n        <div class=\"separator-spacer\"><\/div>\r\n        <div class=\"separator-spacer\"><\/div>\r\n      <\/div>\r\n    <\/div>\r\n  <\/div>\r\n<\/main>","protected":false},"excerpt":{"rendered":"Tradicija kraljevega hotela \u017ee od 1905 Hotel Aleksander Medical & Spa Rezerviraj Restavracija Donatela Kraljevi spanec Medical-Wellness oddih izberite datume in rezervirajte Do\u017eivite tradicijo kraljevega hotela Dobrodo\u0161li v petzvezdi\u010dnem Boutique Hotelu Aleksander, ki vas pri\u010dakuje v idili\u010dni okolici Roga\u0161ke Slatine, svetovno znanega Evropskega zdravstvenega resorta. &nbsp;Hotel vklju\u010duje 21 luksuznih suit [&hellip;]","protected":false},"author":1,"featured_media":0,"parent":0,"menu_order":0,"comment_status":"closed","ping_status":"closed","template":"","meta":{"footnotes":""},"class_list":["post-59","page","type-page","status-publish","hentry"],"acf":[],"_links":{"self":[{"href":"https:\/\/www.hotel-aleksander.eu\/sl\/wp-json\/wp\/v2\/pages\/59","targetHints":{"allow":["GET"]}}],"collection":[{"href":"https:\/\/www.hotel-aleksander.eu\/sl\/wp-json\/wp\/v2\/pages"}],"about":[{"href":"https:\/\/www.hotel-aleksander.eu\/sl\/wp-json\/wp\/v2\/types\/page"}],"author":[{"embeddable":true,"href":"https:\/\/www.hotel-aleksander.eu\/sl\/wp-json\/wp\/v2\/users\/1"}],"replies":[{"embeddable":true,"href":"https:\/\/www.hotel-aleksander.eu\/sl\/wp-json\/wp\/v2\/comments?post=59"}],"version-history":[{"count":86,"href":"https:\/\/www.hotel-aleksander.eu\/sl\/wp-json\/wp\/v2\/pages\/59\/revisions"}],"predecessor-version":[{"id":2738,"href":"https:\/\/www.hotel-aleksander.eu\/sl\/wp-json\/wp\/v2\/pages\/59\/revisions\/2738"}],"wp:attachment":[{"href":"https:\/\/www.hotel-aleksander.eu\/sl\/wp-json\/wp\/v2\/media?parent=59"}],"curies":[{"name":"wp","href":"https:\/\/api.w.org\/{rel}","templated":true}]}}