{"id":32,"date":"2019-01-28T21:47:27","date_gmt":"2019-01-28T18:47:27","guid":{"rendered":"http:\/\/hotel-aleksander.loc\/%d1%87%d0%b5%d1%80%d0%bd%d0%be%d0%b2%d0%b8%d0%ba\/"},"modified":"2025-05-26T13:55:20","modified_gmt":"2025-05-26T10:55:20","slug":"sobe","status":"publish","type":"page","link":"https:\/\/www.hotel-aleksander.eu\/sl\/sobe\/","title":{"rendered":"Sobe"},"content":{"rendered":"<div class=\"headerBannerGrid\">\r\n  <div class=\"headerBannerGridLeft\" >\r\n    <div class=\"headerBannerGridMainItem\" style=\"opacity:0;background-image:url('\/imagelib\/full\/default\/hotel-aleksander\/rooms\/living%20room%20suite.jpg')\"><\/div>\r\n    <div class=\"logoContainer\">\r\n      <div class=\"logo\">\r\n        <a href=\"\/sl\/\">\r\n          <img decoding=\"async\" class=\"logo-img\" src=\"\/images\/logo.png\" alt=\"Slovenian\" \/>\r\n          <img decoding=\"async\" class=\"logo-imgMedium\" style=\"display:none;\" src=\"\/images\/logoSmall.png\" alt=\"Hotel Aleksander\" \/>\r\n          <img decoding=\"async\" class=\"logo-imgMobile\" style=\"display:none;\" src=\"\/images\/logo_ha.png\" alt=\"Hotel Aleksander\" \/>\r\n        <\/a>\r\n      <\/div>\r\n    <\/div>\r\n  <\/div>\r\n  <div class=\"headerBannerGridFullWidth\">\r\n    <div class=\"headerBannerGridMainItem\" style=\"margin:0;background-image:url('\/imagelib\/full\/default\/hotel-aleksander\/rooms\/living%20room%20suite.jpg')\">\r\n      <div class=\"headerBannerGridTextWrapper\">\r\n        <div class=\"headerBannerGridMainTitle\">SOBE<\/div>\r\n        <div class=\"headerBannerGridMainHeading\">U\u017dIVAJTE V KRALJEVEM SPANCU SREDI ZELENE NARAVE.<\/div>\r\n      <\/div>\r\n      <div class=\"headerBannerGridOverlay\"><\/div>\r\n    <\/div>\r\n  <\/div>\r\n<\/div>\r\n<main>\r\n  <div id=\"ctl00_LayoutType\" class=\"layout1\">\r\n    <div id=\"ctl00_CenterColumn\" class=\"column-center column-center-gray\">\r\n      <div class=\"container-fluid\">\r\n        <div id=\"ctl00_MainContent_divInquiry\" class=\"inquiry inquiry-gray\">\r\n          <input type=\"text\" id=\"datepicker1\">\r\n          <input type=\"text\" id=\"datepicker2\">\r\n          <div class=\"inquiry-dates\">\r\n            <a href=\"https:\/\/www.secure-hotel-booking.com\/Hotel-Aleksander\/2C5K\/sl\" target=\"_blank\" class=\"inquiry-section\" id=\"inquiry-button\" rel=\"noopener\"> \r\n                <i class=\"fa fa-calendar book-button-main\" aria-hidden=\"true\"><\/i>REZERVIRAJTE\r\n            <\/a>\r\n          <\/div>\r\n        <\/div>\r\n      <\/div>\r\n    <\/div>\r\n    <div class=\"blockBg blockBg_color-gray\">\r\n      <div class=\"blockBg-container\">\r\n        <div class=\"paragraph paragraph-normal\">\r\n          <div>Gostom je na voljo 21 namestitvenih enot, od tega je 6 standardnih sob ter 15 Suit. Vsaka Suita z ve\u010d spalnicami ima pripadajo\u010do kopalnico v vsaki spalnici, Suite s pogledom na park pa imajo tudi balkone. Posebnost hotela je apartma Penthouse 777, ki razpolaga s kar 230 m2 veliko privatno teraso, na kateri se nahajajo finska savna, ogrevan jacuzzi, po\u010divalniki, postor za son\u010denje in jedilnico.<\/div>\r\n        <\/div>\r\n        <div class=\"row-fluid contentGrid\">\r\n          <div class=\"span6 index1\">\r\n            <div class=\"paragraph paragraph-normal\">\r\n              <table border=\"0\" cellpadding=\"0\" cellspacing=\"0\">\r\n                <tr>\r\n                  <td class=\"paragraph paragraph-normal\">\r\n                    <ul>\r\n                      <li>Zajtrk do 11<\/li>\r\n                      <li>Prosti vstop v Spa Center<\/li>\r\n                      <li>Prost vstop v Svet savn<\/li>\r\n                      <li>Prost vstop v fitnes<\/li>\r\n                      <li>Kopalni pla\u0161\u010d in brisa\u010de v sobi<\/li>\r\n                    <\/ul>\r\n                  <\/td>\r\n                <\/tr>\r\n              <\/table>\r\n            <\/div>\r\n          <\/div>\r\n          <div class=\"span6 index2\">\r\n            <div class=\"paragraph paragraph-normal\">\r\n              <table border=\"0\" cellpadding=\"0\" cellspacing=\"0\">\r\n                <tr>\r\n                  <td class=\"paragraph paragraph-normal\">\r\n                    <ul>\r\n                      <li>Kopalni pla\u0161\u010d in brisa\u010de na bazenu<\/li>\r\n                      <li>Dnevna steklenica mineralne vode Donat Mg v sobi<\/li>\r\n                      <li>Zunanje parkiri\u0161\u010de<\/li>\r\n                      <li>Wi-Fi<\/li>\r\n                    <\/ul>\r\n                  <\/td>\r\n                <\/tr>\r\n              <\/table>\r\n            <\/div>\r\n            <a href=\"https:\/\/www.secure-hotel-booking.com\/smart\/Hotel-Aleksander\/2C5K\/sl\/\" target=\"_blank\" class=\"linkButton linkButton-normal\" rel=\"noopener\">CENIK SOB<\/a>\r\n          <\/div>\r\n        <\/div>\r\n        <div class=\"rooms\">\r\n          <div class=\"row-fluid\" >\r\n            <div class=\"span4\" >\r\n              <a href=\"\/sl\/sobe\/dvoposteljna-soba-s-pogledom-na-gozd\/\" target=\"_self\" rel=\"noopener\">\r\n                <div class=\"room\" >\r\n                  <div class=\"room-image\" >\r\n                    <img decoding=\"async\" src=\"\/imagelib\/rooms\/standart_double\/room_standard_min.jpg\" alt=\"Dvoposteljna soba s pogledom na gozd\" \/>\r\n                    <div class=\"room-title\" ><h3>Dvoposteljna soba s pogledom na gozd<\/h3><\/div>\r\n                    <div class=\"room-overlay\" ><\/div>\r\n                  <\/div>\r\n                  <div class=\"room-desc\" >\r\n                    <div class=\"room-desc-line1\" >\r\n                      <div class=\"room-score\" >9.6<\/div>\r\n                      <div class=\"room-icons\" >\r\n                        <img decoding=\"async\" src=\"\/imagelib\/source\/default\/hotel-aleksander\/icons\/2-persons.png\" alt=\"persons\" \/>\r\n                        <img decoding=\"async\" src=\"\/imagelib\/source\/default\/hotel-aleksander\/icons\/bath-2.png\" alt=\"bath\" \/>\r\n                      <\/div>\r\n                    <\/div>\r\n                    <div class=\"room-desc-line2\" >\r\n                      <div class=\"room-summary\" >\r\n                      <\/div>\r\n                    <\/div>\r\n                    <div class=\"room-desc-line3\" >\r\n                      <div class=\"room-price\">\r\n                        <i class=\"fa fa-user\"><\/i> \u017ee od <b>235<\/b> \u20ac <br>\r\n                        <i class=\"fa fa-user\"><\/i> <i class=\"fa fa-user\"><\/i> \u017ee od <b>285<\/b> \u20ac\r\n                      <\/div>\r\n                      <div class=\"room-link\" >\r\n                        <a class=\"button-rooms\" href=\"\/sl\/dvoposteljna-soba-s-pogledom-na-gozd\/\" target=\"_self\" rel=\"noopener\">Ve\u010d<\/a>\r\n                      <\/div>\r\n                    <\/div>\r\n                  <\/div>\r\n                <\/div>\r\n              <\/a>\r\n            <\/div>\r\n            <div class=\"span4\" >\r\n              <a href=\"\/sl\/sobe\/suita_s_pogledom_na_gozd\/\" target=\"_self\" rel=\"noopener\">\r\n                <div class=\"room\" >\r\n                  <div class=\"room-image\" >\r\n                    <img decoding=\"async\" src=\"\/imagelib\/rooms\/suite_park_forest_view\/suite_park_forest_view_min.jpg\" alt=\"Suita s pogledom na gozd\">\r\n                    <div class=\"room-title\" >\r\n                      <h3>Suita s pogledom na gozd<\/h3>\r\n                    <\/div>\r\n                    <div class=\"room-overlay\" >\r\n                    <\/div>\r\n                  <\/div>\r\n                  <div class=\"room-desc\" >\r\n                    <div class=\"room-desc-line1\" >\r\n                      <div class=\"room-score\" >9.6<\/div>\r\n                      <div class=\"room-icons\" >\r\n                        <img decoding=\"async\" src=\"\/imagelib\/source\/default\/hotel-aleksander\/icons\/2-persons.png\" alt=\"persons\" \/>\r\n                        <img decoding=\"async\" src=\"\/imagelib\/source\/default\/hotel-aleksander\/icons\/bath-2.png\" alt=\"bath\" \/>\r\n                      <\/div>\r\n                    <\/div>\r\n                    <div class=\"room-desc-line2\" >\r\n                      <div class=\"room-summary\" >\r\n                      <\/div>\r\n                    <\/div>\r\n                    <div class=\"room-desc-line3\" >\r\n                      <div class=\"room-price\">\r\n                          <i class=\"fa fa-user\"><\/i> \u017ee od <b>315<\/b> \u20ac <br>\r\n                          <i class=\"fa fa-user\"><\/i> <i class=\"fa fa-user\"><\/i> \u017ee od <b>365<\/b> \u20ac\r\n                      <\/div>\r\n                      <div class=\"room-link\" >\r\n                        <a class=\"button-rooms\" href=\"\/sl\/sobe\/suita_s_pogledom_na_gozd\/\" target=\"_self\" rel=\"noopener\">Ve\u010d<\/a>\r\n                      <\/div>\r\n                    <\/div>\r\n                  <\/div>\r\n                <\/div>\r\n              <\/a>\r\n            <\/div>\r\n            <div class=\"span4\" >\r\n              <a href=\"\/sl\/sobe\/suita-s-pogledom-na-park\/\" target=\"_self\" rel=\"noopener\">\r\n                <div class=\"room\" >\r\n                  <div class=\"room-image\" >\r\n                    <img decoding=\"async\" src=\"\/imagelib\/rooms\/suite_park_forest_view\/suite_park_view_min.jpg\" alt=\"Suita s pogledom na park\" \/>\r\n                    <div class=\"room-title\" >\r\n                      <h3>Suita s pogledom na park<\/h3>\r\n                    <\/div>\r\n                    <div class=\"room-overlay\" >\r\n                    <\/div>\r\n                  <\/div>\r\n                  <div class=\"room-desc\" >\r\n                    <div class=\"room-desc-line1\" >\r\n                      <div class=\"room-score\" >9.6<\/div>\r\n                      <div class=\"room-icons\" >\r\n                        <img decoding=\"async\" src=\"\/imagelib\/source\/default\/hotel-aleksander\/icons\/2-persons.png\" alt=\"persons\" \/>\r\n                        <img decoding=\"async\" src=\"\/imagelib\/source\/default\/hotel-aleksander\/icons\/bath-2.png\" alt=\"bath\" \/>\r\n                      <\/div>\r\n                    <\/div>\r\n                    <div class=\"room-desc-line2\" >\r\n                      <div class=\"room-summary\" >\r\n                      <\/div>\r\n                    <\/div>\r\n                    <div class=\"room-desc-line3\" >\r\n                      <div class=\"room-price\">\r\n                          <i class=\"fa fa-user\"><\/i> \u017ee od <b>400<\/b> \u20ac <br>\r\n                          <i class=\"fa fa-user\"><\/i> <i class=\"fa fa-user\"><\/i> \u017ee od <b>450<\/b> \u20ac\r\n                      <\/div>\r\n                      <div class=\"room-link\" >\r\n                        <a class=\"button-rooms\" href=\"\/sl\/sobe\/suita-s-pogledom-na-park\/\" target=\"_self\" rel=\"noopener\">Ve\u010d<\/a>\r\n                      <\/div>\r\n                    <\/div>\r\n                  <\/div>\r\n                <\/div>\r\n              <\/a>\r\n            <\/div>\r\n          <\/div>\r\n        <\/div>\r\n        <div class=\"rooms\">\r\n          <div class=\"row-fluid\" >\r\n            <div class=\"span4\" >\r\n              <a href=\"\/sl\/sobe\/family-suite-with-park-view\/\" target=\"_self\" rel=\"noopener\">\r\n                <div class=\"room\" >\r\n                  <div class=\"room-image\" >\r\n                    <img decoding=\"async\" src=\"\/imagelib\/rooms\/family\/family_1_min.jpg\" alt=\"Family Suita\">\r\n                    <div class=\"room-title\" ><h3>Family Suita<\/h3><\/div>\r\n                    <div class=\"room-overlay\" ><\/div>\r\n                  <\/div>\r\n                  <div class=\"room-desc\" >\r\n                    <div class=\"room-desc-line1\" >\r\n                      <div class=\"room-score\" >9.6<\/div>\r\n                      <div class=\"room-icons\" >\r\n                        <img decoding=\"async\" src=\"\/imagelib\/source\/default\/hotel-aleksander\/icons\/3-persons.png\" alt=\"persons\" \/>\r\n                        <img decoding=\"async\" src=\"\/imagelib\/source\/default\/hotel-aleksander\/icons\/bath-2.png\" alt=\"bath\" \/>\r\n                      <\/div>\r\n                    <\/div>\r\n                    <div class=\"room-desc-line2\" >\r\n                      <div class=\"room-summary\" ><\/div>\r\n                    <\/div>\r\n                    <div class=\"room-desc-line3\" >\r\n                      <div class=\"room-price\">\r\n                          <i class=\"fa fa-user\"><\/i> \u017ee od <b>576<\/b> \u20ac <br>\r\n                          <i class=\"fa fa-user\"><\/i> <i class=\"fa fa-user\"><\/i> \u017ee od <b>626<\/b> \u20ac\r\n                      <\/div>\r\n                      <div class=\"room-link\" >\r\n                        <a class=\"button-rooms\" href=\"\/sl\/sobe\/family-suite-with-park-view\/\" target=\"_self\" rel=\"noopener\">Ve\u010d<\/a>\r\n                      <\/div>\r\n                    <\/div>\r\n                  <\/div>\r\n                <\/div>\r\n              <\/a>\r\n\r\n            <\/div>\r\n            <div class=\"span4\" >\r\n              <a href=\"\/sl\/sobe\/royal-suite-with-park-view\/\" target=\"_self\" rel=\"noopener\">\r\n                <div class=\"room\" >\r\n                  <div class=\"room-image\" >\r\n                    <img decoding=\"async\" src=\"\/imagelib\/rooms\/royal\/royal-suite.jpg\" alt=\"Royal Suita\">\r\n                    <div class=\"room-title\" ><h3>Royal Suita<\/h3><\/div>\r\n                    <div class=\"room-overlay\" ><\/div>\r\n                  <\/div>\r\n                  <div class=\"room-desc\" >\r\n                    <div class=\"room-desc-line1\" >\r\n                      <div class=\"room-score\" >9.6<\/div>\r\n                      <div class=\"room-icons\" >\r\n                        <img decoding=\"async\" src=\"\/imagelib\/source\/default\/hotel-aleksander\/icons\/5-persons.png\" alt=\"persons\" \/>\r\n                        <img decoding=\"async\" src=\"\/imagelib\/source\/default\/hotel-aleksander\/icons\/bath-2.png\" alt=\"bath\" \/>\r\n                      <\/div>\r\n                    <\/div>\r\n                    <div class=\"room-desc-line2\" >\r\n                      <div class=\"room-summary\" ><\/div>\r\n                    <\/div>\r\n                    <div class=\"room-desc-line3\" >\r\n                      <div class=\"room-price\">\r\n                          <i class=\"fa fa-user\"><\/i> \u017ee od <b>700<\/b> \u20ac <br>\r\n                          <i class=\"fa fa-user\"><\/i> <i class=\"fa fa-user\"><\/i> \u017ee od <b>750<\/b> \u20ac\r\n                      <\/div>\r\n                      <div class=\"room-link\" >\r\n                        <a class=\"button-rooms\" href=\"\/sl\/sobe\/royal-suite-with-park-view\/\" target=\"_self\" rel=\"noopener\">Ve\u010d<\/a>\r\n                      <\/div>\r\n                    <\/div>\r\n                  <\/div>\r\n                <\/div>\r\n              <\/a>\r\n            <\/div>\r\n            <div class=\"span4\" >\r\n              <a href=\"\/sl\/sobe\/presidential-suite-with-park-view\/\" target=\"_self\" rel=\"noopener\">\r\n                <div class=\"room\" >\r\n                  <div class=\"room-image\" >\r\n                    <img decoding=\"async\" src=\"\/imagelib\/rooms\/presidental\/presidental_1_min.jpg\" alt=\"Predsedni\u0161ka Suita\">                    \r\n                    <div class=\"room-title\" >\r\n                      <h3>Predsedni\u0161ka Suita<\/h3>\r\n                    <\/div>\r\n                    <div class=\"room-overlay\" >\r\n                    <\/div>\r\n                  <\/div>\r\n                  <div class=\"room-desc\" >\r\n                    <div class=\"room-desc-line1\" >\r\n                      <div class=\"room-score\" >9.6<\/div>\r\n                      <div class=\"room-icons\" >\r\n                        <img decoding=\"async\" src=\"\/imagelib\/source\/default\/hotel-aleksander\/icons\/6-persons.jpg\" alt=\"persons\" \/>\r\n                        <img decoding=\"async\" src=\"\/imagelib\/source\/default\/hotel-aleksander\/icons\/bath-2.png\" alt=\"bath\" \/>\r\n                      <\/div>\r\n                    <\/div>\r\n                    <div class=\"room-desc-line2\" >\r\n                      <div class=\"room-summary\" >\r\n                      <\/div>\r\n                    <\/div>\r\n                    <div class=\"room-desc-line3\" >\r\n                      <div class=\"room-price\">\r\n                          <i class=\"fa fa-user\"><\/i> \u017ee od <b>850<\/b> \u20ac <br>\r\n                          <i class=\"fa fa-user\"><\/i> <i class=\"fa fa-user\"><\/i> \u017ee od <b>900<\/b> \u20ac\r\n                      <\/div>\r\n                      <div class=\"room-link\" >\r\n                        <a class=\"button-rooms\" href=\"\/sl\/sobe\/presidential-suite-with-park-view\/\" target=\"_self\" rel=\"noopener\">Ve\u010d<\/a>\r\n                      <\/div>\r\n                    <\/div>\r\n                  <\/div>\r\n                <\/div>\r\n              <\/a>\r\n            <\/div>\r\n          <\/div>\r\n        <\/div>\r\n        <div class=\"rooms\">\r\n          <div class=\"row-fluid\" >\r\n            <div class=\"span4\" >\r\n              <a href=\"\/sl\/sobe\/signature-suite\/\" target=\"_self\" rel=\"noopener\">\r\n                <div class=\"room\" >\r\n                  <div class=\"room-image\" >\r\n                    <img decoding=\"async\" src=\"\/imagelib\/rooms\/signature\/signature_min.jpg\" alt=\"Presti\u017ena Suita\">\r\n                    <div class=\"room-title\" ><h3>Presti\u017ena Suita<\/h3><\/div>\r\n                    <div class=\"room-overlay\" ><\/div>\r\n                  <\/div>\r\n                  <div class=\"room-desc\" >\r\n                    <div class=\"room-desc-line1\" >\r\n                      <div class=\"room-score\" >9.6<\/div>\r\n                      <div class=\"room-icons\" >\r\n                        <img decoding=\"async\" src=\"\/imagelib\/source\/default\/hotel-aleksander\/icons\/5-persons.png\" alt=\"persons\" \/>\r\n                        <img decoding=\"async\" src=\"\/imagelib\/source\/default\/hotel-aleksander\/icons\/bath-2.png\" alt=\"bath\" \/>\r\n                      <\/div>\r\n                    <\/div>\r\n                    <div class=\"room-desc-line2\" >\r\n                      <div class=\"room-summary\" ><\/div>\r\n                    <\/div>\r\n                    <div class=\"room-desc-line3\" >\r\n                      <div class=\"room-price\">\r\n                          <i class=\"fa fa-user\"><\/i> \u017ee od <b>700<\/b> \u20ac <br>\r\n                          <i class=\"fa fa-user\"><\/i> <i class=\"fa fa-user\"><\/i> \u017ee od <b>750<\/b> \u20ac\r\n                      <\/div>\r\n                      <div class=\"room-link\" >\r\n                        <a class=\"button-rooms\" href=\"\/sl\/sobe\/signature-suite\/\" target=\"_self\" rel=\"noopener\">Ve\u010d<\/a>\r\n                      <\/div>\r\n                    <\/div>\r\n                  <\/div>\r\n                <\/div>\r\n              <\/a>\r\n            <\/div>\r\n          <\/div>\r\n        <\/div>\r\n      <\/div>\r\n    <\/div>\r\n  <\/div>\r\n<\/main>","protected":false},"excerpt":{"rendered":"SOBE U\u017dIVAJTE V KRALJEVEM SPANCU SREDI ZELENE NARAVE. REZERVIRAJTE Gostom je na voljo 21 namestitvenih enot, od tega je 6 standardnih sob ter 15 Suit. Vsaka Suita z ve\u010d spalnicami ima pripadajo\u010do kopalnico v vsaki spalnici, Suite s pogledom na park pa imajo tudi balkone. Posebnost hotela je apartma Penthouse [&hellip;]","protected":false},"author":1,"featured_media":0,"parent":0,"menu_order":0,"comment_status":"closed","ping_status":"closed","template":"","meta":{"footnotes":""},"class_list":["post-32","page","type-page","status-publish","hentry"],"acf":[],"_links":{"self":[{"href":"https:\/\/www.hotel-aleksander.eu\/sl\/wp-json\/wp\/v2\/pages\/32","targetHints":{"allow":["GET"]}}],"collection":[{"href":"https:\/\/www.hotel-aleksander.eu\/sl\/wp-json\/wp\/v2\/pages"}],"about":[{"href":"https:\/\/www.hotel-aleksander.eu\/sl\/wp-json\/wp\/v2\/types\/page"}],"author":[{"embeddable":true,"href":"https:\/\/www.hotel-aleksander.eu\/sl\/wp-json\/wp\/v2\/users\/1"}],"replies":[{"embeddable":true,"href":"https:\/\/www.hotel-aleksander.eu\/sl\/wp-json\/wp\/v2\/comments?post=32"}],"version-history":[{"count":55,"href":"https:\/\/www.hotel-aleksander.eu\/sl\/wp-json\/wp\/v2\/pages\/32\/revisions"}],"predecessor-version":[{"id":2579,"href":"https:\/\/www.hotel-aleksander.eu\/sl\/wp-json\/wp\/v2\/pages\/32\/revisions\/2579"}],"wp:attachment":[{"href":"https:\/\/www.hotel-aleksander.eu\/sl\/wp-json\/wp\/v2\/media?parent=32"}],"curies":[{"name":"wp","href":"https:\/\/api.w.org\/{rel}","templated":true}]}}