{"id":185,"date":"2019-02-03T17:19:36","date_gmt":"2019-02-03T14:19:36","guid":{"rendered":"http:\/\/192.168.0.11\/?page_id=185\/"},"modified":"2023-01-14T00:22:55","modified_gmt":"2023-01-13T21:22:55","slug":"dvoposteljna-soba-s-pogledom-na-gozd","status":"publish","type":"page","link":"https:\/\/www.hotel-aleksander.eu\/sl\/sobe\/dvoposteljna-soba-s-pogledom-na-gozd\/","title":{"rendered":"Dvoposteljna soba s pogledom na gozd"},"content":{"rendered":"<div class=\"headerBannerGrid\">\r\n  <div class=\"headerBannerGridLeft\" >\r\n    <div class=\"headerBannerGridMainItem\" style=\"opacity:0;background-image:url('\/imagelib\/full\/default\/hotel-aleksander\/rooms\/room_standard (3).jpg')\"><\/div>\r\n    <div class=\"logoContainer\">\r\n      <div class=\"logo\">\r\n        <a href=\"\/sl\/\">\r\n          <img decoding=\"async\" class=\"logo-img\" src=\"\/images\/logo.png\" alt=\"Slovenian\" \/>\r\n          <img decoding=\"async\" class=\"logo-imgMedium\" style=\"display:none;\" src=\"\/images\/logoSmall.png\" alt=\"Hotel Aleksander\" \/>\r\n          <img decoding=\"async\" class=\"logo-imgMobile\" style=\"display:none;\" src=\"\/images\/logo_ha.png\" alt=\"Hotel Aleksander\" \/>\r\n        <\/a>\r\n      <\/div>\r\n    <\/div>\r\n  <\/div>\r\n  <div class=\"headerBannerGridFullWidth\">\r\n    <div class=\"headerBannerGridMainItem\" style=\"margin:0;background-image:url('\/imagelib\/full\/default\/hotel-aleksander\/rooms\/room_standard (3).jpg')\">\r\n      <div class=\"headerBannerGridTextWrapper\">\r\n        <div class=\"headerBannerGridMainTitle\">DVOPOSTELJNA SOBA<\/div>\r\n        <div class=\"headerBannerGridMainHeading\">S POGLEDOM NA GOZD<\/div>\r\n      <\/div>\r\n      <div class=\"headerBannerGridOverlay\"><\/div>\r\n    <\/div>\r\n  <\/div>\r\n<\/div>\r\n<main>\r\n  <div id=\"ctl00_LayoutType\" class=\"layout1\">\r\n    <div id=\"ctl00_CenterColumn\" class=\"column-center column-center-gray\">\r\n      <div class=\"container-fluid\">\r\n        <div id=\"ctl00_MainContent_divInquiry\" class=\"inquiry inquiry-gray\">\r\n          <input type=\"text\" id=\"datepicker1\">\r\n          <input type=\"text\" id=\"datepicker2\">\r\n          <div class=\"inquiry-dates\">\r\n            <a href=\"https:\/\/www.secure-hotel-booking.com\/Hotel-Aleksander\/2C5K\/sl?hotelId=19339&amp;roomId=79551\" target=\"_blank\" class=\"inquiry-section\" id=\"inquiry-button\" rel=\"noopener\"> \r\n                <i class=\"fa fa-calendar book-button-main\" aria-hidden=\"true\"><\/i>BOOK NOW\r\n            <\/a>\r\n          <\/div>\r\n        <\/div>\r\n      <\/div>\r\n    <\/div>\r\n    <div class=\"blockBg \"  >\r\n      <div class=\"blockBg-container \" >\r\n        <div class=\"row-fluid contentGrid\">\r\n          <div class=\"span7 index1 centered slickSlider\">\r\n\r\n              <div class=\"imageBox-image\">\r\n                  <a href=\"\/imagelib\/rooms\/standart_double\/slider\/standart-item-01.jpg\" target=\"_blank\" class=\"mediaOverlay\" data-group=\"images\" rel=\"mediaOverlay[images] noopener\" rev=\" \" data-title=\" \">\r\n                      <img decoding=\"async\" src=\"\/imagelib\/rooms\/standart_double\/slider\/standart-item-01-min.jpg\" alt=\"\" title=\"\" \/>\r\n                  <\/a>\r\n              <\/div>\r\n              <div class=\"imageBox-image\">\r\n                  <a href=\"\/imagelib\/rooms\/standart_double\/slider\/standart-item-02.jpg\" target=\"_blank\" class=\"mediaOverlay\" data-group=\"images\" rel=\"mediaOverlay[images] noopener\" rev=\" \" data-title=\" \">\r\n                      <img decoding=\"async\" src=\"\/imagelib\/rooms\/standart_double\/slider\/standart-item-02-min.jpg\" alt=\"\" title=\"\" \/>\r\n                  <\/a>\r\n              <\/div>\r\n              <div class=\"imageBox-image\">\r\n                  <a href=\"\/imagelib\/rooms\/standart_double\/slider\/standart-item-03.jpg\" target=\"_blank\" class=\"mediaOverlay\" data-group=\"images\" rel=\"mediaOverlay[images] noopener\" rev=\" \" data-title=\" \">\r\n                      <img decoding=\"async\" src=\"\/imagelib\/rooms\/standart_double\/slider\/standart-item-03-min.jpg\" alt=\"\" title=\"\" \/>\r\n                  <\/a>\r\n              <\/div>\r\n              <div class=\"imageBox-image\">\r\n                  <a href=\"\/imagelib\/rooms\/standart_double\/slider\/standart-item-04.jpg\" target=\"_blank\" class=\"mediaOverlay\" data-group=\"images\" rel=\"mediaOverlay[images] noopener\" rev=\" \" data-title=\" \">\r\n                      <img decoding=\"async\" src=\"\/imagelib\/rooms\/standart_double\/slider\/standart-item-04-min.jpg\" alt=\"\" title=\"\" \/>\r\n                  <\/a>\r\n              <\/div>\r\n              <div class=\"imageBox-image\">\r\n                  <a href=\"\/imagelib\/rooms\/standart_double\/slider\/standart-item-05.jpg\" target=\"_blank\" class=\"mediaOverlay\" data-group=\"images\" rel=\"mediaOverlay[images] noopener\" rev=\" \" data-title=\" \">\r\n                      <img decoding=\"async\" src=\"\/imagelib\/rooms\/standart_double\/slider\/standart-item-05-min.jpg\" alt=\"\" title=\"\" \/>\r\n                  <\/a>\r\n              <\/div>\r\n          <\/div>\r\n          <div class=\"span5 index2 centered\">\r\n            <div class=\"contentTitle\">\r\n              <h2>VSE O SOBI<\/h2>\r\n            <\/div>\r\n            <div class=\"room\" >\r\n              <div class=\"room-desc\" >\r\n                <div class=\"room-desc-line1\" >\r\n                  <div class=\"room-score\" >9.6<\/div>\r\n                  <div class=\"room-icons\" >\r\n                    <img decoding=\"async\" src=\"\/imagelib\/source\/default\/hotel-aleksander\/icons\/2-persons.png\" alt=\"\" \/>\r\n                    <img decoding=\"async\" src=\"\/imagelib\/source\/default\/hotel-aleksander\/icons\/bath-2.png\" alt=\"\" \/>\r\n                  <\/div>\r\n                <\/div>\r\n                <div class=\"room-desc-line2\" >\r\n                  <div class=\"room-property\" ><b>NAJVE\u010cJE \u0160T. GOSTOV:<\/b>2<\/div>\r\n                  <div class=\"room-property\" ><b>VELIKOST SOBE:<\/b>27m&sup2;<\/div>\r\n                  <div class=\"room-property\" ><b>VELIKOST POSTELJE:<\/b> 1 Extra-velika dvoposteljna postelja<\/div>\r\n                <\/div>\r\n                <div class=\"room-desc-line2\" >\r\n                  <div class=\"room-summary\" >\r\n                  Air-conditioned room featuring a flat-screen TV, a phone, a safe and a minibar. Private bathroom provides a shower, hairdryer and slippers. The room overlooks the surrounding forest.<\/div>\r\n                <\/div>\r\n                <div class=\"room-desc-line3\" >\r\n                  <a class=\"linkButton linkButton-normal\" href=\"https:\/\/www.secure-hotel-booking.com\/Hotel-Aleksander\/2C5K\/sl?hotelId=19339&amp;roomId=79551\" target=\"_blank\" rel=\"noopener\">REZERVIRAJTE<\/a><\/div>\r\n                <\/div>\r\n              <\/div>\r\n            <\/div>\r\n          <\/div>\r\n        <\/div>\r\n      <\/div>\r\n      <div class=\"blockBg blockBg_color-black\">\r\n        <div class=\"blockBg-container blockBg-full\">\r\n          <div class=\"room-properties\">\r\n            <div class=\"blockBg-container\">\r\n              <div class=\"room-properties-left\">\r\n                <h2>OPREMA SOBE<\/h2>\r\n                <div class=\"span6 index1\">\r\n                <div class=\"room-properties-item\">Bide<\/div>\r\n                <div class=\"room-properties-item\">Kopalnica<\/div>\r\n                <div class=\"room-properties-item\">Klima<\/div>\r\n                <div class=\"room-properties-item\">Kopalni pla\u0161\u010d<\/div>\r\n                <div class=\"room-properties-item\">Pisalna miza<\/div>\r\n                <div class=\"room-properties-item\">Sef<\/div>\r\n                <div class=\"room-properties-item\">Telefon<\/div>\r\n                <div class=\"room-properties-item\">Satelitski TV programi<\/div>\r\n                <div class=\"room-properties-item\">Preproga<\/div>\r\n                <div class=\"room-properties-item\">Kozmetika<\/div>\r\n                <div class=\"room-properties-item\">Ogrevanje<\/div>\r\n               <\/div>\r\n               <div class=\"span6 index2\">\r\n                <div class=\"room-properties-item\">Omara<\/div>\r\n                <div class=\"room-properties-item\">Razgled<\/div>\r\n                <div class=\"room-properties-item\">Jutranje bujenje<\/div>\r\n                <div class=\"room-properties-item\">LCD TV<\/div>\r\n                <div class=\"room-properties-item\">Su\u0161ilec las<\/div>\r\n                <div class=\"room-properties-item\">Mini bar<\/div>\r\n                <div class=\"room-properties-item\">Kad ali tu\u0161<\/div>\r\n                <div class=\"room-properties-item\">Kabelski TV kanali<\/div>\r\n                <div class=\"room-properties-item\">Toaleta<\/div>\r\n                <div class=\"room-properties-item\">Copati<\/div>\r\n              <\/div>\r\n              <\/div>\r\n              <div class=\"room-properties-right\">\r\n                <div class=\"equipment-image\" style=\"background-image:url('\/imagelib\/rooms\/standart_double\/standart_double_3.jpg'); height: 630px;\">\r\n                <\/div>\r\n              <\/div>\r\n            <\/div>\r\n          <\/div>\r\n        <\/div>\r\n      <\/div>\r\n      <div class=\"room-properties-button\" style=\"left: 420px;\">\r\n        <a class=\"linkButton linkButton-normal\" href=\"https:\/\/www.secure-hotel-booking.com\/Hotel-Aleksander\/2C5K\/sl?hotelId=19339&amp;roomId=79551\" target=\"_blank\" rel=\"noopener\">REZERVIRAJTE<\/a>\r\n      <\/div>\r\n      <div class=\"room-properties-offset\"><\/div>\r\n    <\/div>\r\n  <\/div>\r\n  <div class=\"blockBg blockBg_color-gray\">\r\n    <div class=\"blockBg-container \" >\r\n      <div class=\"row-fluid contentGrid\">\r\n        <div class=\"span6 index1\">\r\n          <div class=\"contentTitle\"><h3>Cena vklju\u010duje<\/h3><\/div>\r\n          <div class=\"paragraph paragraph-normal\">\r\n            <table border=\"0\" cellpadding=\"0\" cellspacing=\"0\">\r\n              <tr>\r\n                <td class=\"paragraph paragraph-normal\">\r\n                  <ul>\r\n                    <li>Osnovni posvet z medicinskim svetovalcem<\/li>\r\n                    <li>No\u010ditev z zajtrkom<\/li>\r\n                    <li>Prosti vstop v Spa Center<\/li>\r\n                    <li>Prost vstop v Svet savn<\/li>\r\n                    <li>Prost vstop v fitnes<\/li>\r\n                    <li>Kopalni pla\u0161\u010d in brisa\u010de v sobi<\/li>\r\n                    <li>Kopalni pla\u0161\u010d in brisa\u010de na bazenu<\/li>\r\n                    <li>Mineralna voda Donat Mg v preddverju<\/li>\r\n                    <li>Dnevna steklenica mineralne vode Donat Mg v sobi<\/li>\r\n                    <li>Zunanje parkiri\u0161\u010de<\/li>\r\n                    <li>Wi-Fi<\/li>\r\n                  <\/ul>\r\n                <\/td>\r\n              <\/tr>\r\n            <\/table>\r\n          <\/div>\r\n        <\/div>\r\n        <div class=\"span6 index2\">\r\n          <div class=\"contentTitle\"><h3>Dopla\u010dila:<\/h3><\/div>\r\n          <div class=\"paragraph paragraph-normal\">\r\n            <table border=\"0\" cellpadding=\"0\" cellspacing=\"0\">\r\n              <tr>\r\n                <td class=\"paragraph paragraph-normal\">\r\n                  <ul>\r\n                    <li>Turisti\u010dna taksa \u2013 2,5 EUR\/osebo\/dan<\/li>\r\n                    <li>Mala ku\u017ea do 5 kg \u2013 40 EUR\/dan<\/li>\r\n                    <li>Dodatna postelja \u2013 85 EUR\/dan<\/li>\r\n                  <\/ul>\r\n                <\/td>\r\n              <\/tr>\r\n            <\/table>\r\n          <\/div>\r\n          <div class=\"contentTitle\"><h3>Ostala dopla\u010dila<\/h3><\/div>\r\n          <div class=\"paragraph paragraph-normal\">\r\n            <table border=\"0\" cellpadding=\"0\" cellspacing=\"0\">\r\n              <tr>\r\n                <td class=\"paragraph paragraph-normal\">\r\n                  <ul>\r\n                    <li>Wellness storitve<\/li>\r\n                    <li>Transfer<\/li>\r\n                    <li>Izleti<\/li>\r\n                  <\/ul>\r\n                <\/td>\r\n              <\/tr>\r\n            <\/table>\r\n          <\/div>\r\n        <\/div>\r\n      <\/div>\r\n    <\/div>\r\n  <\/div>\r\n<div class=\"blockBg\"><div class=\"blockBg-container\"><div class=\"slidingGallery slidingGallery-5 slidingGallery_items4 sliderNotInitialized \" id=\"ctl00_MainContent_ctl06_container\"><div class=\"slider-clickGuardOnDrag\"><\/div><div class=\"slidingGallery-container1\"><div class=\"slidingGallery-container2\"><div class=\"slidingGallery-container3 slider-itemContainer\"><div class=\"slidingGallery-item\" id=\"ctl00_MainContent_ctl06_item1\"><a href=\"\/images\/slider\/slider-item-1.jpg\" target=\"_blank\" class=\"mediaOverlay\" data-group=\"images\" rel=\"mediaOverlay[images]\" rev=\"\" data-title=\"\"><img decoding=\"async\" src=\"\/images\/slider\/min\/slider-item-1-min.jpg\" alt=\"\" \/><\/a><\/div><div class=\"slidingGallery-item\" id=\"ctl00_MainContent_ctl06_item2\"><a href=\"\/images\/slider\/slider-item-2.jpg\" target=\"_blank\" class=\"mediaOverlay\" data-group=\"images\" rel=\"mediaOverlay[images]\" rev=\"\" data-title=\"\"><img decoding=\"async\" src=\"\/images\/slider\/min\/slider-item-2-min.jpg\" alt=\"\" \/><\/a><\/div><div class=\"slidingGallery-item\" id=\"ctl00_MainContent_ctl06_item3\"><a href=\"\/images\/slider\/slider-item-3.jpg\" target=\"_blank\" class=\"mediaOverlay\" data-group=\"images\" rel=\"mediaOverlay[images]\" rev=\"\" data-title=\"\"><img decoding=\"async\" src=\"\/images\/slider\/min\/slider-item-3-min.jpg\" alt=\"\" \/><\/a><\/div><div class=\"slidingGallery-item\" id=\"ctl00_MainContent_ctl06_item4\"><a href=\"\/images\/slider\/slider-item-4.jpg\" target=\"_blank\" class=\"mediaOverlay\" data-group=\"images\" rel=\"mediaOverlay[images]\" rev=\"\" data-title=\"\"><img decoding=\"async\" src=\"\/images\/slider\/min\/slider-item-4-min.jpg\" alt=\"\" \/><\/a><\/div><div class=\"slidingGallery-item\" id=\"ctl00_MainContent_ctl06_item5\"><a href=\"\/images\/slider\/slider-item-5.jpg\" target=\"_blank\" class=\"mediaOverlay\" data-group=\"images\" rel=\"mediaOverlay[images]\" rev=\"\" data-title=\"\"><img decoding=\"async\" src=\"\/images\/slider\/min\/slider-item-5-min.jpg\" alt=\"\" \/><\/a><\/div><div class=\"slidingGallery-item\" id=\"ctl00_MainContent_ctl06_item6\"><a href=\"\/images\/slider\/slider-item-6.jpg\" target=\"_blank\" class=\"mediaOverlay\" data-group=\"images\" rel=\"mediaOverlay[images]\" rev=\"\" data-title=\"\"><img decoding=\"async\" src=\"\/images\/slider\/min\/slider-item-6-min.jpg\" alt=\"\" \/><\/a><\/div><div class=\"slidingGallery-item\" id=\"ctl00_MainContent_ctl06_item7\"><a href=\"\/images\/slider\/slider-item-7.jpg\" target=\"_blank\" class=\"mediaOverlay\" data-group=\"images\" rel=\"mediaOverlay[images]\" rev=\"\" data-title=\"\"><img decoding=\"async\" src=\"\/images\/slider\/min\/slider-item-7-min.jpg\" alt=\"\" \/><\/a><\/div><div class=\"slidingGallery-item\" id=\"ctl00_MainContent_ctl06_item8\"><a href=\"\/images\/slider\/slider-item-8.jpg\" target=\"_blank\" class=\"mediaOverlay\" data-group=\"images\" rel=\"mediaOverlay[images]\" rev=\"\" data-title=\"\"><img decoding=\"async\" src=\"\/images\/slider\/min\/slider-item-8-min.jpg\" alt=\"\" \/><\/a><\/div><div class=\"slidingGallery-item\" id=\"ctl00_MainContent_ctl06_item9\"><a href=\"\/images\/slider\/slider-item-9.jpg\" target=\"_blank\" class=\"mediaOverlay\" data-group=\"images\" rel=\"mediaOverlay[images]\" rev=\"\" data-title=\"\"><img decoding=\"async\" src=\"\/images\/slider\/min\/slider-item-9-min.jpg\" alt=\"\" \/><\/a><\/div><div class=\"slidingGallery-item\" id=\"ctl00_MainContent_ctl06_item10\"><a href=\"\/images\/slider\/slider-item-10.jpg\" target=\"_blank\" class=\"mediaOverlay\" data-group=\"images\" rel=\"mediaOverlay[images]\" rev=\"\" data-title=\"\"><img decoding=\"async\" src=\"\/images\/slider\/min\/slider-item-10-min.jpg\" alt=\"\" \/><\/a><\/div><div class=\"slidingGallery-item\" id=\"ctl00_MainContent_ctl06_item11\"><a href=\"\/images\/slider\/slider-item-11.jpg\" target=\"_blank\" class=\"mediaOverlay\" data-group=\"images\" rel=\"mediaOverlay[images]\" rev=\"\" data-title=\"\"><img decoding=\"async\" src=\"\/images\/slider\/min\/slider-item-11-min.jpg\" alt=\"\" \/><\/a><\/div><div class=\"slidingGallery-item\" id=\"ctl00_MainContent_ctl06_item12\"><a href=\"\/images\/slider\/slider-item-12.jpg\" target=\"_blank\" class=\"mediaOverlay\" data-group=\"images\" rel=\"mediaOverlay[images]\" rev=\"\" data-title=\"\"><img decoding=\"async\" src=\"\/images\/slider\/min\/slider-item-12-min.jpg\" alt=\"\" \/><\/a><\/div><div class=\"slidingGallery-item\" id=\"ctl00_MainContent_ctl06_item13\"><a href=\"\/images\/slider\/slider-item-13.jpg\" target=\"_blank\" class=\"mediaOverlay\" data-group=\"images\" rel=\"mediaOverlay[images]\" rev=\"\" data-title=\"\"><img decoding=\"async\" src=\"\/images\/slider\/min\/slider-item-13-min.jpg\" alt=\"\" \/><\/a><\/div><div class=\"slidingGallery-item\" id=\"ctl00_MainContent_ctl06_item14\"><a href=\"\/images\/slider\/slider-item-14.jpg\" target=\"_blank\" class=\"mediaOverlay\" data-group=\"images\" rel=\"mediaOverlay[images]\" rev=\"\" data-title=\"\"><img decoding=\"async\" src=\"\/images\/slider\/min\/slider-item-14-min.jpg\" alt=\"\" \/><\/a><\/div><div class=\"slidingGallery-item\" id=\"ctl00_MainContent_ctl06_item15\"><a href=\"\/images\/slider\/slider-item-15.jpg\" target=\"_blank\" class=\"mediaOverlay\" data-group=\"images\" rel=\"mediaOverlay[images]\" rev=\"\" data-title=\"\"><img decoding=\"async\" src=\"\/images\/slider\/min\/slider-item-15-min.jpg\" alt=\"\" \/><\/a><\/div><div class=\"slidingGallery-item\" id=\"ctl00_MainContent_ctl06_item16\"><a href=\"\/images\/slider\/slider-item-16.jpg\" target=\"_blank\" class=\"mediaOverlay\" data-group=\"images\" rel=\"mediaOverlay[images]\" rev=\"\" data-title=\"\"><img decoding=\"async\" src=\"\/images\/slider\/min\/slider-item-16-min.jpg\" alt=\"\" \/><\/a><\/div><div class=\"slidingGallery-item\" id=\"ctl00_MainContent_ctl06_item17\"><a href=\"\/images\/slider\/slider-item-17.jpg\" target=\"_blank\" class=\"mediaOverlay\" data-group=\"images\" rel=\"mediaOverlay[images]\" rev=\"\" data-title=\"\"><img decoding=\"async\" src=\"\/images\/slider\/min\/slider-item-17-min.jpg\" alt=\"\" \/><\/a><\/div><\/div>\n            <\/div>\n          <\/div>\n          <div class=\"slidingGallery-controls\">\n            <div class=\"slidingGallery-controls-direction prev\" onclick=\"sliders.step.prev('ctl00_MainContent_ctl06', true);\"><span><\/span><\/div>\n            <div class=\"slidingGallery-controls-direction next\" onclick=\"sliders.step.next('ctl00_MainContent_ctl06', true);\"><span><\/span><\/div>\n          <\/div>\n        <\/div>\n        <script>PushOnLoadEvent(\"sliders.step.init(\\u0027ctl00_MainContent_ctl06\\u0027, { count: 17, maxVisible: 4, visibleDesktop: 4, visibleMobile1: 3, visibleMobile2: 2, visiblePhone: 1, autoProgressInterval: 5000, startAtRandom: false, useOpacity: false});\");\n          var eventSendctl00_MainContent_ctl06 = false;\n          function galleryImagectl00_MainContent_ctl06Click(center, galleryName) {\n            if (eventSendctl00_MainContent_ctl06 === true) return;\n            eventSendctl00_MainContent_ctl06 = true;\n            if (typeof ga != 'undefined') ga('send','event','GalleryItemClick',center,galleryName);\n          }\n        <\/script>\n      <\/div>\n    <\/div>\r\n<div class=\"blockBg\">\n          <div class=\"blockBg-container\" >\n              <div id=\"street-view-map\" class=\"d-none d-sm-block\">\n                <iframe loading=\"lazy\" src=\"https:\/\/www.google.com\/maps\/embed?pb=!4v1571577443867!6m8!1m7!1sCAoSLEFGMVFpcE1aYTYyNFhqTDY4V2FNS1VqdTEzLUVIV0U5cWJmWXppWFc4TDhz!2m2!1d46.23819922788716!2d15.63780326396227!3f138.42!4f6.980000000000004!5f0.7820865974627469\" width=\"100%\" height=\"600\" frameborder=\"0\" style=\"border:0;\" allowfullscreen=\"\"><\/iframe>\n                <div class=\"separator-spacer\"><\/div>\n                <div class=\"separator-spacer\"><\/div>\n                <div class=\"separator-spacer\"><\/div>\n            <\/div>\n            <div id=\"street-view-button\" class=\"d-sm-none centered\">\n              <a class=\"linkButton linkButton-normal\" href=\"https:\/\/goo.gl\/maps\/TZxwh447nk6KWN5H7\" rel=\"nofollow\" target=\"_blank\">Hotel 360\u00b0 overview on Google Maps<\/a>\n            <\/div>\n          <\/div>\n        <\/div>\r\n  <div class=\"blockBg \"  >\r\n    <div class=\"blockBg-container \" >\r\n      <div class=\"row-fluid contentGrid\">\r\n        <div class=\"span6 index1 centered\">\r\n          <div class=\"contentTitle\">\r\n            <h2>OCENA<\/h2>\r\n          <\/div>\r\n          <div class=\"contentTitle\"><h4>FILIP, SLOVENIJA<\/h4><\/div>\r\n          <div class=\"paragraph paragraph-normal\"><p>V veliko zadovoljstvo in veselje mi je bilo biti va\u0161 gost minulih 10 dni. Va\u0161 servis, ustre\u017eljivost, predvsem pa tista ne vsiljena prijaznost in doma\u010dnost je naredila moj oddih pri vas, popoln, dovr\u0161en in nepozaben. Duo M&amp;M v kuhinji pri\u010darata kreacije z okusi, ki ti \u0161e dolgo ostanejo v spominu.&nbsp;Vem, da bom k vam \u0161e pri\u0161el, morda sam, morda v dvoje, zagotovo priporo\u010dilo gre dalje.<\/p><\/div>\r\n          <div class=\"separator-spacer\"><\/div>\r\n        <\/div>\r\n        <div class=\"span6 index2 centered\">\r\n          <div id=\"bookingScore\">\r\n            <div class=\"score\">9<\/div>\r\n          <\/div>\r\n          <div class=\"bookingVerified\">\r\n            <img decoding=\"async\" src=\"\/images\/bookingVerified.png\" \/>\r\n          <\/div>\r\n        <\/div>\r\n      <\/div>\r\n      <div class=\"separator-spacer\"><\/div>\r\n    <\/div>\r\n  <\/div>\r\n<\/div>\r\n<\/main> \r\n","protected":false},"excerpt":{"rendered":"DVOPOSTELJNA SOBA S POGLEDOM NA GOZD BOOK NOW VSE O SOBI 9.6 NAJVE\u010cJE \u0160T. GOSTOV:2 VELIKOST SOBE:27m&sup2; VELIKOST POSTELJE: 1 Extra-velika dvoposteljna postelja Air-conditioned room featuring a flat-screen TV, a phone, a safe and a minibar. Private bathroom provides a shower, hairdryer and slippers. The room overlooks the surrounding forest. [&hellip;]","protected":false},"author":1,"featured_media":0,"parent":32,"menu_order":0,"comment_status":"closed","ping_status":"closed","template":"","meta":{"footnotes":""},"class_list":["post-185","page","type-page","status-publish","hentry"],"acf":[],"_links":{"self":[{"href":"https:\/\/www.hotel-aleksander.eu\/sl\/wp-json\/wp\/v2\/pages\/185","targetHints":{"allow":["GET"]}}],"collection":[{"href":"https:\/\/www.hotel-aleksander.eu\/sl\/wp-json\/wp\/v2\/pages"}],"about":[{"href":"https:\/\/www.hotel-aleksander.eu\/sl\/wp-json\/wp\/v2\/types\/page"}],"author":[{"embeddable":true,"href":"https:\/\/www.hotel-aleksander.eu\/sl\/wp-json\/wp\/v2\/users\/1"}],"replies":[{"embeddable":true,"href":"https:\/\/www.hotel-aleksander.eu\/sl\/wp-json\/wp\/v2\/comments?post=185"}],"version-history":[{"count":33,"href":"https:\/\/www.hotel-aleksander.eu\/sl\/wp-json\/wp\/v2\/pages\/185\/revisions"}],"predecessor-version":[{"id":1936,"href":"https:\/\/www.hotel-aleksander.eu\/sl\/wp-json\/wp\/v2\/pages\/185\/revisions\/1936"}],"up":[{"embeddable":true,"href":"https:\/\/www.hotel-aleksander.eu\/sl\/wp-json\/wp\/v2\/pages\/32"}],"wp:attachment":[{"href":"https:\/\/www.hotel-aleksander.eu\/sl\/wp-json\/wp\/v2\/media?parent=185"}],"curies":[{"name":"wp","href":"https:\/\/api.w.org\/{rel}","templated":true}]}}